{"id":15,"date":"2023-12-04T23:39:21","date_gmt":"2023-12-04T22:39:21","guid":{"rendered":"http:\/\/ocalicpamiec.muzeumkrakowa.pl\/?page_id=15"},"modified":"2024-04-15T18:32:14","modified_gmt":"2024-04-15T17:32:14","slug":"szukamy-swiadkow","status":"publish","type":"page","link":"https:\/\/ocalicpamiec.muzeumkrakowa.pl\/en\/szukamy-swiadkow\/","title":{"rendered":"Looking for Witnesses"},"content":{"rendered":"<div class=\"wp-block-group alignfull has-global-padding is-layout-constrained wp-container-core-group-is-layout-cb854248 wp-block-group-is-layout-constrained has-background\" style=\"padding-top:var(--wp--preset--spacing--40);padding-right:var(--wp--preset--spacing--10);padding-bottom:var(--wp--preset--spacing--40);padding-left:var(--wp--preset--spacing--10);background-image:url(&apos;http:\/\/ocalicpamiec.muzeumkrakowa.pl\/wp-content\/uploads\/2023\/12\/poszukujemy_swiadko_tlo.png&apos;);background-size:cover;\">\n<div class=\"wp-block-columns alignwide is-layout-flex wp-container-core-columns-is-layout-28f84493 wp-block-columns-is-layout-flex\">\n<div class=\"wp-block-column is-layout-flow wp-block-column-is-layout-flow\">\n<p class=\"has-base-2-color has-text-color has-link-color wp-elements-a44b75575d2dd00358a9723cc18b8ba9 translation-block\" style=\"font-size:clamp(1.743rem, 1.743rem + ((1vw - 0.2rem) * 2.095), 3rem);\"><strong>Looking<br>for witnesses<\/strong><\/p>\n\n\n\n<p class=\"has-base-2-color has-text-color has-link-color wp-elements-8887ad3d8c79c6fabc89eed28caed91e\" style=\"font-size:clamp(0.875rem, 0.875rem + ((1vw - 0.2rem) * 0.708), 1.3rem);\"><em>Let\u2019s hurry to listen to people\u2026<\/em><\/p>\n<\/div>\n\n\n\n<div class=\"wp-block-column is-layout-flow wp-block-column-is-layout-flow\">\n<p class=\"has-base-2-color has-text-color has-link-color wp-elements-2f420e607488821442ba37c45b40f404\" style=\"font-size:clamp(0.875rem, 0.875rem + ((1vw - 0.2rem) * 0.375), 1.1rem);\">Spoken history is a way of learning by direct contact with a witness.<br>We are looking for testimonies of forgotten heroes and heroines of the times of WWII and living under the Stalinist regime in Krak\u00f3w. We are looking for testimonies of forgotten heroes and heroines of World War II and the occupation and Stalinist regime. Witnesses of history actively participate in important historical events. Brave people were active in underground organizations, fighting for the right to live and repressed for belonging to independence organizations after 1945. Cracovians, not by their birth, but by their activities in Cracow. We want to regain the memory of them, save them from being forgotten - for ourselves and for future generations, to enrich our knowledge of the city's history.<\/p>\n<\/div>\n<\/div>\n<\/div>\n\n\n\n<div class=\"wp-block-group alignfull has-custom-t-o-jasne-background-color has-background has-global-padding is-layout-constrained wp-container-core-group-is-layout-b13d32f8 wp-block-group-is-layout-constrained\" style=\"padding-right:var(--wp--preset--spacing--10);padding-left:var(--wp--preset--spacing--10)\">\n<div class=\"wp-block-group alignwide is-nowrap is-layout-flex wp-container-core-group-is-layout-3e2a60bc wp-block-group-is-layout-flex\" style=\"padding-top:var(--wp--preset--spacing--40);padding-bottom:var(--wp--preset--spacing--40)\">\n<p class=\"has-contrast-color has-text-color has-link-color wp-elements-5ee16ac297969124d6c926d227ee2a33\">\u201eSave The Memory\u201d is an open project, we want to gather stories, documents, and photographs to archive them and publish them online on our website <strong>www.ocalicpamiec.muzeumkrakowa.pl<\/strong><br><br>Share your story with us! If you are a witness to history or know such a person - write or call us, together we will save our common history from being forgotten.<\/p>\n<\/div>\n\n\n\n<div class=\"wp-block-group alignwide is-nowrap is-layout-flex wp-container-core-group-is-layout-6c531013 wp-block-group-is-layout-flex\"><div class=\"forminator-ui forminator-custom-form forminator-custom-form-111 forminator-design--material  forminator_ajax\" data-forminator-render=\"0\" data-form=\"forminator-module-111\" data-uid=\"69d504deb5319\"><br\/><\/div><form\n\t\t\t\tid=\"forminator-module-111\"\n\t\t\t\tclass=\"forminator-ui forminator-custom-form forminator-custom-form-111 forminator-design--material  forminator_ajax\"\n\t\t\t\tmethod=\"post\"\n\t\t\t\tdata-forminator-render=\"0\"\n\t\t\t\tdata-form-id=\"111\"\n\t\t\t\t\n\t\t\t\tdata-design=\"material\"\n\t\t\t\t\n\t\t\t\t\n\t\t\t\t\n\t\t\t\tdata-grid=\"open\"\n\t\t\t\t\n\t\t\t\t\n\t\t\t\tstyle=\"display: none;\"\n\t\t\t\t\n\t\t\t\tdata-uid=\"69d504deb5319\" action=\"\"\n\t\t\t><div role=\"alert\" aria-live=\"polite\" class=\"forminator-response-message forminator-error\" aria-hidden=\"true\"><\/div><div class=\"forminator-row\"><div id=\"name-1\" class=\"forminator-field-name forminator-col forminator-col-4\"><div class=\"forminator-field\"><label for=\"forminator-field-name-1_69d504deb5319\" id=\"forminator-field-name-1_69d504deb5319-label\" class=\"forminator-label\">Name and surname <span class=\"forminator-required\">*<\/span><\/label><input type=\"text\" name=\"name-1\" value=\"\" placeholder=\"For example: Jan Kowalski\" id=\"forminator-field-name-1_69d504deb5319\" class=\"forminator-input forminator-name--field\" aria-required=\"true\" \/><\/div><\/div><div id=\"email-1\" class=\"forminator-field-email forminator-col forminator-col-4\"><div class=\"forminator-field\"><label for=\"forminator-field-email-1_69d504deb5319\" id=\"forminator-field-email-1_69d504deb5319-label\" class=\"forminator-label\">Email address<\/label><input type=\"email\" name=\"email-1\" value=\"\" placeholder=\"For example: jan@kowalski.com\" id=\"forminator-field-email-1_69d504deb5319\" class=\"forminator-input forminator-email--field\" data-required=\"\" aria-required=\"false\" \/><\/div><\/div><div id=\"phone-1\" class=\"forminator-field-phone forminator-col forminator-col-4\"><div class=\"forminator-field\"><label for=\"forminator-field-phone-1_69d504deb5319\" id=\"forminator-field-phone-1_69d504deb5319-label\" class=\"forminator-label\">Phone number<\/label><input type=\"text\" name=\"phone-1\" value=\"\" placeholder=\"For Example: +48 300 400 500\" id=\"forminator-field-phone-1_69d504deb5319\" class=\"forminator-input forminator-field--phone\" data-required=\"\" aria-required=\"false\" autocomplete=\"off\" \/><\/div><\/div><\/div><div class=\"forminator-row\"><div id=\"textarea-1\" class=\"forminator-field-textarea forminator-col forminator-col-12\"><div class=\"forminator-field\"><label for=\"forminator-field-textarea-1_69d504deb5319\" id=\"forminator-field-textarea-1_69d504deb5319-label\" class=\"forminator-label\">Message <span class=\"forminator-required\">*<\/span><\/label><textarea name=\"textarea-1\" placeholder=\"Please write your message...\" id=\"forminator-field-textarea-1_69d504deb5319\" class=\"forminator-textarea\" rows=\"6\" style=\"min-height:140px;\" maxlength=\"250\" ><\/textarea><span id=\"forminator-field-textarea-1_69d504deb5319-description\" class=\"forminator-description\"><span data-limit=\"250\" data-type=\"characters\">0 \/ 250<\/span><\/span><\/div><\/div><\/div><div class=\"forminator-row\"><div id=\"consent-1\" class=\"forminator-field-consent forminator-col forminator-col-12\"><div class=\"forminator-field\"><label for=\"forminator-field-consent-1_69d504deb5319\" id=\"forminator-field-consent-1_69d504deb5319-label\" class=\"forminator-label\">Consent <span class=\"forminator-required\">*<\/span><\/label><div class=\"forminator-checkbox__wrapper\"><label for=\"forminator-field-consent-1_69d504deb5319\" id=\"forminator-field-consent-1_69d504deb5319__label\" class=\"forminator-checkbox forminator-consent\" style=\"margin: 0;\"><input type=\"checkbox\" name=\"consent-1\" id=\"forminator-field-consent-1_69d504deb5319\" value=\"checked\" aria-labelledby=\"forminator-field-consent-1_69d504deb5319-label\" aria-describedby=\"forminator-field-consent-1_69d504deb5319__description\" data-required=\"true\" aria-required=\"true\" \/><span class=\"forminator-checkbox-box\" aria-hidden=\"true\"><\/span><\/label><div id=\"forminator-field-consent-1_69d504deb5319__description\" class=\"forminator-checkbox__label forminator-consent__label\"><p class=\"forminator-consent\">I agree to the general provisions of <a rel=\"noopener\" target=\"_blank\" href=\"#\">the privacy policy<\/a> and&nbsp;<a rel=\"noopener\" target=\"_blank\" href=\"#\">terms of use<\/a>.<\/p><\/div><\/div><\/div><\/div><\/div><input type=\"hidden\" name=\"referer_url\" value=\"\" \/><div class=\"forminator-row forminator-row-last\"><div class=\"forminator-col\"><div class=\"forminator-field\"><button class=\"forminator-button forminator-button-submit\"><span>Send a message<\/span><span aria-hidden=\"true\"><\/span><\/button><\/div><\/div><\/div><input type=\"hidden\" id=\"forminator_nonce\" name=\"forminator_nonce\" value=\"0f3401a57b\" \/><input type=\"hidden\" name=\"_wp_http_referer\" value=\"\/en\/wp-json\/wp\/v2\/pages\/15\" \/><input type=\"hidden\" name=\"form_id\" value=\"111\"><input type=\"hidden\" name=\"page_id\" value=\"15\"><input type=\"hidden\" name=\"form_type\" value=\"default\"><input type=\"hidden\" name=\"current_url\" value=\"https:\/\/ocalicpamiec.muzeumkrakowa.pl\/en\/szukamy-swiadkow\/\"><input type=\"hidden\" name=\"render_id\" value=\"0\"><input type=\"hidden\" name=\"action\" value=\"forminator_submit_form_custom-forms\"><label for=\"input_6\" class=\"forminator-hidden\" aria-hidden=\"true\">Please do not fill in this field. <input id=\"input_6\" type=\"text\" name=\"input_6\" value=\"\" autocomplete=\"off\"><\/label><input type=\"hidden\" name=\"trp-form-language\" value=\"en\"\/><\/form>\n<\/div>\n<\/div>","protected":false},"excerpt":{"rendered":"<p>Poszukujemy\u015bwiadk\u00f3w historii \u015apieszmy si\u0119 s\u0142ucha\u0107 ludzi&#8230; Historia m\u00f3wiona to metoda poznawania historii poprzez bezpo\u015bredni kontakt z drugim cz\u0142owiekiem \u2013 \u015bwiadkiem historii.Poszukujemy \u015bwiadectw zapomnianych bohaterek i bohater\u00f3w czas\u00f3w II wojny \u015bwiatowej i okupacji oraz czas\u00f3w re\u017cimu stalinowskiego. \u015awiadk\u00f3w historii aktywnie uczestnicz\u0105cych w wa\u017cnych wydarzeniach historycznych. Dzielnych ludzi dzia\u0142aj\u0105cych w organizacjach konspiracyjnych, walcz\u0105cych o prawo do \u017cycia [&hellip;]<\/p>","protected":false},"author":1,"featured_media":0,"parent":0,"menu_order":3,"comment_status":"closed","ping_status":"closed","template":"","meta":{"footnotes":""},"class_list":["post-15","page","type-page","status-publish","hentry"],"_links":{"self":[{"href":"https:\/\/ocalicpamiec.muzeumkrakowa.pl\/en\/wp-json\/wp\/v2\/pages\/15","targetHints":{"allow":["GET"]}}],"collection":[{"href":"https:\/\/ocalicpamiec.muzeumkrakowa.pl\/en\/wp-json\/wp\/v2\/pages"}],"about":[{"href":"https:\/\/ocalicpamiec.muzeumkrakowa.pl\/en\/wp-json\/wp\/v2\/types\/page"}],"author":[{"embeddable":true,"href":"https:\/\/ocalicpamiec.muzeumkrakowa.pl\/en\/wp-json\/wp\/v2\/users\/1"}],"replies":[{"embeddable":true,"href":"https:\/\/ocalicpamiec.muzeumkrakowa.pl\/en\/wp-json\/wp\/v2\/comments?post=15"}],"version-history":[{"count":3,"href":"https:\/\/ocalicpamiec.muzeumkrakowa.pl\/en\/wp-json\/wp\/v2\/pages\/15\/revisions"}],"predecessor-version":[{"id":1089,"href":"https:\/\/ocalicpamiec.muzeumkrakowa.pl\/en\/wp-json\/wp\/v2\/pages\/15\/revisions\/1089"}],"wp:attachment":[{"href":"https:\/\/ocalicpamiec.muzeumkrakowa.pl\/en\/wp-json\/wp\/v2\/media?parent=15"}],"curies":[{"name":"wp","href":"https:\/\/api.w.org\/{rel}","templated":true}]}}