{"id":11,"date":"2023-12-04T23:38:48","date_gmt":"2023-12-04T22:38:48","guid":{"rendered":"http:\/\/ocalicpamiec.muzeumkrakowa.pl\/?page_id=11"},"modified":"2024-04-15T18:31:48","modified_gmt":"2024-04-15T17:31:48","slug":"o-projekcie","status":"publish","type":"page","link":"https:\/\/ocalicpamiec.muzeumkrakowa.pl\/en\/o-projekcie\/","title":{"rendered":"About the project"},"content":{"rendered":"<div class=\"wp-block-group alignfull has-global-padding is-layout-constrained wp-container-core-group-is-layout-b13d32f8 wp-block-group-is-layout-constrained has-background\" style=\"padding-right:var(--wp--preset--spacing--10);padding-left:var(--wp--preset--spacing--10);background-image:url(&apos;http:\/\/ocalicpamiec.muzeumkrakowa.pl\/wp-content\/uploads\/2023\/12\/projekt-tlo.png&apos;);background-size:cover;\">\n<div class=\"wp-block-columns alignwide is-layout-flex wp-container-core-columns-is-layout-7abde1fe wp-block-columns-is-layout-flex\" style=\"padding-top:var(--wp--preset--spacing--40);padding-bottom:var(--wp--preset--spacing--40)\">\n<div class=\"wp-block-column is-layout-flow wp-block-column-is-layout-flow\">\n<p class=\"has-base-2-color has-text-color has-link-color has-xx-large-font-size wp-elements-34e1b1448adbc491207d669ebb3b365f\"><strong>About the project<\/strong><\/p>\n<\/div>\n\n\n\n<div class=\"wp-block-column is-layout-flow wp-block-column-is-layout-flow\">\n<p class=\"has-base-2-color has-text-color has-link-color wp-elements-8e93c0955a354de9f0dad3942c331e47 translation-block\" style=\"font-size:clamp(0.929rem, 0.929rem + ((1vw - 0.2rem) * 0.785), 1.4rem);\">Here you will find priceless witness stories in the form of short films. Each could start with the words: I was, I saw, I experienced, I survived.<br><br>Nothing can replace the memories, both good and bad, stored deeply in the souls of those who survived. Time is against us, so hurry to hear their stories...<\/p>\n<\/div>\n<\/div>\n<\/div>\n\n\n\n<div class=\"wp-block-group alignfull has-custom-t-o-jasne-background-color has-background has-global-padding is-layout-constrained wp-container-core-group-is-layout-05278918 wp-block-group-is-layout-constrained\" style=\"padding-top:var(--wp--preset--spacing--30);padding-right:var(--wp--preset--spacing--10);padding-bottom:var(--wp--preset--spacing--30);padding-left:var(--wp--preset--spacing--10)\">\n<div class=\"wp-block-group alignwide is-vertical is-layout-flex wp-container-core-group-is-layout-98bb686d wp-block-group-is-layout-flex\">\n<p class=\"has-contrast-color has-text-color has-link-color wp-elements-f71be0442537863c85fda15bf386e6a7\" style=\"font-size:clamp(0.875rem, 0.875rem + ((1vw - 0.2rem) * 0.542), 1.2rem);\">The \"Save the Memory\" project is a film record of the memories of Krakow citizens about their experiences from 1939 to 1956, the time of the occupation and Stalinist terror.<\/p>\n\n\n\n<p class=\"has-contrast-color has-text-color has-link-color wp-elements-ec8f20b8bff438b21568fc8060d23f8e\" style=\"font-size:clamp(0.875rem, 0.875rem + ((1vw - 0.2rem) * 0.542), 1.2rem);\">Let\u2019s listen to what the men and women, citizens of Krakow, scouts, partisans, Home Army soldiers, and simply brave people who survived through their own will to live. Like Yanina Leiman ( today Ecker) a little Jewish girl who was helped at the risk of their own life by a Polish couple J\u00f3zefa and Tadeusz Latawiec. The heroes of our films managed to survive the war and then Stalinist repression, which, in the case of Stanislaw Ptak and Henryk M\u00fcnch, ended with ten years in communist prisons. J\u00f3zef Ostafin - remembered today by his daughter - did not live to see our times. He received a death sentence, which was carried out in 1947 in Krakow.<\/p>\n\n\n\n<p class=\"has-contrast-color has-text-color has-link-color wp-elements-861579e9433fef3e652e69b748528153\" style=\"font-size:clamp(0.875rem, 0.875rem + ((1vw - 0.2rem) * 0.542), 1.2rem);\">If placed in the same situations, would we have the same courage?<br>It is worth thinking about and discussing, not only in public, but also in our own family.<\/p>\n\n\n\n<p class=\"has-contrast-color has-text-color has-link-color wp-elements-50f195f75a22ea664e39242238fa1861\" style=\"font-size:clamp(0.875rem, 0.875rem + ((1vw - 0.2rem) * 0.542), 1.2rem);\">We would like to say thank you to our heroes for sharing their stories with us.<\/p>\n<\/div>\n<\/div>","protected":false},"excerpt":{"rendered":"<p>O projekcie Znajdziecie tu zamkni\u0119te w kr\u00f3tkich, filmowych formach bezcenne opowie\u015bci \u015bwiadk\u00f3w tamtych wydarze\u0144. Historie, z kt\u00f3rych ka\u017cda mog\u0142aby si\u0119 zaczyna\u0107 od s\u0142\u00f3w: ja by\u0142em, ja widzia\u0142am, ja do\u015bwiadczy\u0142em, ja prze\u017cy\u0142am. Nic nie zast\u0105pi pami\u0119ci, wspomnie\u0144, dobrych i z\u0142ych, przechowywanych g\u0142\u0119boko w duszach tych, kt\u00f3rzy przetrwali. Czas dzia\u0142a na nasz\u0105 niekorzy\u015b\u0107, a wi\u0119c \u015bpieszmy si\u0119 [&hellip;]<\/p>","protected":false},"author":1,"featured_media":0,"parent":0,"menu_order":1,"comment_status":"closed","ping_status":"closed","template":"","meta":{"footnotes":""},"class_list":["post-11","page","type-page","status-publish","hentry"],"_links":{"self":[{"href":"https:\/\/ocalicpamiec.muzeumkrakowa.pl\/en\/wp-json\/wp\/v2\/pages\/11","targetHints":{"allow":["GET"]}}],"collection":[{"href":"https:\/\/ocalicpamiec.muzeumkrakowa.pl\/en\/wp-json\/wp\/v2\/pages"}],"about":[{"href":"https:\/\/ocalicpamiec.muzeumkrakowa.pl\/en\/wp-json\/wp\/v2\/types\/page"}],"author":[{"embeddable":true,"href":"https:\/\/ocalicpamiec.muzeumkrakowa.pl\/en\/wp-json\/wp\/v2\/users\/1"}],"replies":[{"embeddable":true,"href":"https:\/\/ocalicpamiec.muzeumkrakowa.pl\/en\/wp-json\/wp\/v2\/comments?post=11"}],"version-history":[{"count":2,"href":"https:\/\/ocalicpamiec.muzeumkrakowa.pl\/en\/wp-json\/wp\/v2\/pages\/11\/revisions"}],"predecessor-version":[{"id":1088,"href":"https:\/\/ocalicpamiec.muzeumkrakowa.pl\/en\/wp-json\/wp\/v2\/pages\/11\/revisions\/1088"}],"wp:attachment":[{"href":"https:\/\/ocalicpamiec.muzeumkrakowa.pl\/en\/wp-json\/wp\/v2\/media?parent=11"}],"curies":[{"name":"wp","href":"https:\/\/api.w.org\/{rel}","templated":true}]}}