{"id":102,"date":"2023-12-05T18:57:38","date_gmt":"2023-12-05T17:57:38","guid":{"rendered":"http:\/\/ocalicpamiec.muzeumkrakowa.pl\/?page_id=102"},"modified":"2024-06-04T23:00:01","modified_gmt":"2024-06-04T22:00:01","slug":"deklaracja-dostepnosci","status":"publish","type":"page","link":"https:\/\/ocalicpamiec.muzeumkrakowa.pl\/en\/deklaracja-dostepnosci\/","title":{"rendered":"Deklaracja dost\u0119pno\u015bci"},"content":{"rendered":"<div class=\"wp-block-group alignfull has-custom-t-o-jasne-background-color has-background has-global-padding is-layout-constrained wp-container-core-group-is-layout-abcee004 wp-block-group-is-layout-constrained\" style=\"padding-right:var(--wp--preset--spacing--20);padding-left:var(--wp--preset--spacing--20)\"><h1 style=\"font-style:normal;font-weight:800; padding-top:var(--wp--preset--spacing--40);padding-bottom:var(--wp--preset--spacing--40);margin-top:0;margin-bottom:0;\" class=\"alignwide wp-block-post-title has-montserrat-font-family\">Deklaracja dost\u0119pno\u015bci<\/h1>\n\n\n<div class=\"wp-block-group alignwide is-vertical is-layout-flex wp-container-core-group-is-layout-7f49ea99 wp-block-group-is-layout-flex\" style=\"margin-top:0;margin-bottom:0;padding-bottom:var(--wp--preset--spacing--50)\">\n<p class=\"has-contrast-color has-text-color has-link-color wp-elements-5f56b515a7b7db0d668e02c71d649d73\"><strong>Muzeum Krakowa<\/strong> zobowi\u0105zuje si\u0119 zapewni\u0107 dost\u0119pno\u015b\u0107 swojej strony internetowej zgodnie z ustaw\u0105 z dnia 4 kwietnia 2019 r. o dost\u0119pno\u015bci cyfrowej stron internetowych i aplikacji mobilnych<br>podmiot\u00f3w publicznych. O\u015bwiadczenie w sprawie dost\u0119pno\u015bci ma zastosowanie do strony<br>internetowej Muzeum Krakowa.<\/p>\n\n\n\n<p class=\"has-contrast-color has-text-color has-link-color has-montserrat-font-family wp-elements-fda7cad56a5867c15d6847d2361bc950\"><strong>Data publikacji strony internetowej:<\/strong> 25.04.2024 r.<br><strong>Data ostatniej istotnej aktualizacji:<\/strong> 25.04.2024 r.<\/p>\n\n\n\n<p class=\"has-contrast-color has-text-color has-link-color wp-elements-43e09cfafefb43f1304135989b8e24f5\">Strona internetowa jest cz\u0119\u015bciowo zgodna z ustaw\u0105 z dnia 4 kwietnia 2019 r. o dost\u0119pno\u015bci cyfrowej stron internetowych i aplikacji mobilnych podmiot\u00f3w publicznych.<\/p>\n\n\n\n<p class=\"has-contrast-color has-text-color has-link-color has-montserrat-font-family wp-elements-1f09eef3040eeba2e7c32b5ac27e56cd\"><strong>Powody niezgodno\u015bci:<\/strong><\/p>\n\n\n\n<ul class=\"has-contrast-color has-text-color has-link-color wp-block-list wp-elements-88a6e37771dfaeb43e05a7fbc680af9d\">\n<li>niski kontrast<\/li>\n\n\n\n<li>nieczytelny napis \u201eOcali\u0107 od pami\u0119ci\u201d w g\u00f3rnym lewym rogu strony internetowej<\/li>\n\n\n\n<li>zbyt d\u0142ugie teksty alternatywne lub ich brak<\/li>\n<\/ul>\n\n\n\n<p class=\"has-contrast-color has-text-color has-link-color wp-elements-12f1dd925bc442cb14638cff6ec15e47\">O\u015bwiadczenie sporz\u0105dzono dnia: 25.04.2024. Deklaracj\u0119 sporz\u0105dzono na podstawie samooceny<br>przeprowadzonej przez podmiot publiczny.<\/p>\n\n\n\n<p class=\"has-contrast-color has-text-color has-link-color wp-elements-cc4ddc5c2e599c1ba41f3e45d4f53fe0\"><strong>Informacje zwrotne i dane kontaktowe<\/strong><\/p>\n\n\n\n<p class=\"has-contrast-color has-text-color has-link-color wp-elements-70afc298de6fcdf12ff22d9b44c599a9\">W przypadku problem\u00f3w z dost\u0119pno\u015bci\u0105 strony internetowej prosimy o kontakt. Osob\u0105 kontaktow\u0105 jest Beata \u0141abno, b.labno@muzeumkrakowa.pl. Kontaktowa\u0107 mo\u017cna si\u0119 tak\u017ce dzwoni\u0105c na numer telefonu 12&nbsp;257 10 17. T\u0105 sam\u0105 drog\u0105 mo\u017cna sk\u0142ada\u0107 wnioski o udost\u0119pnienie informacji niedost\u0119pnej oraz sk\u0142ada\u0107 skargi na brak zapewnienia dost\u0119pno\u015bci.<\/p>\n\n\n\n<p class=\"has-contrast-color has-text-color has-link-color wp-elements-54495fce1ec40929b1888eb2ded51267\">Ka\u017cdy ma prawo do wyst\u0105pienia z \u017c\u0105daniem zapewnienia dost\u0119pno\u015bci cyfrowej strony internetowej, aplikacji mobilnej lub jakiego\u015b ich elementu. Mo\u017cna tak\u017ce za\u017c\u0105da\u0107 udost\u0119pnienia informacji za pomoc\u0105 alternatywnego sposobu dost\u0119pu, na przyk\u0142ad przez odczytanie niedost\u0119pnego cyfrowo dokumentu, opisanie zawarto\u015bci filmu bez audiodeskrypcji itp. \u017b\u0105danie powinno zawiera\u0107 dane osoby zg\u0142aszaj\u0105cej \u017c\u0105danie, wskazanie, o kt\u00f3r\u0105 stron\u0119 internetow\u0105 lub aplikacj\u0119 mobiln\u0105 chodzi oraz spos\u00f3b kontaktu. Je\u017celi osoba \u017c\u0105daj\u0105ca zg\u0142asza potrzeb\u0119 otrzymania informacji za pomoc\u0105 alternatywnego sposobu dost\u0119pu, powinna tak\u017ce okre\u015bli\u0107 dogodny dla niej spos\u00f3b przedstawienia tej informacji. Podmiot publiczny powinien zrealizowa\u0107 \u017c\u0105danie niezw\u0142ocznie, nie p\u00f3\u017aniej ni\u017c w ci\u0105gu 7 dni od dnia wyst\u0105pienia z \u017c\u0105daniem. Je\u017celi dotrzymanie tego terminu nie jest mo\u017cliwe, podmiot publiczny niezw\u0142ocznie informuje o tym wnosz\u0105cego \u017c\u0105danie, kiedy realizacja \u017c\u0105dania b\u0119dzie mo\u017cliwa, przy czym termin ten nie mo\u017ce by\u0107 d\u0142u\u017cszy ni\u017c 2 miesi\u0105ce od dnia wyst\u0105pienia z \u017c\u0105daniem. Je\u017celi zapewnienie dost\u0119pno\u015bci cyfrowej nie jest mo\u017cliwe, podmiot publiczny mo\u017ce zaproponowa\u0107 alternatywny spos\u00f3b dost\u0119pu do informacji. W przypadku, gdy podmiot publiczny odm\u00f3wi realizacji \u017c\u0105dania zapewnienia dost\u0119pno\u015bci lub alternatywnego sposobu dost\u0119pu do informacji, wnosz\u0105cy \u017c\u0105danie mo\u017cne z\u0142o\u017cy\u0107 skarg\u0119 w sprawie zapewniana dost\u0119pno\u015bci cyfrowej strony internetowej, aplikacji mobilnej lub elementu strony internetowej, lub aplikacji mobilnej. Po wyczerpaniu wskazanej wy\u017cej procedury mo\u017cna tak\u017ce z\u0142o\u017cy\u0107 wniosek do Rzecznika Praw Obywatelskich:<br><a href=\"http:\/\/www.rpo.gov.pl\" data-type=\"link\" data-id=\"www.rpo.gov.pl\">www.rpo.gov.pl<\/a><\/p>\n\n\n\n<p class=\"has-contrast-color has-text-color has-link-color wp-elements-edfeaa383d3fcd153c980720d2808482\"><strong>Dost\u0119pno\u015b\u0107 architektoniczna<\/strong><\/p>\n\n\n\n<p class=\"has-contrast-color has-text-color has-link-color wp-elements-3e62bab4475676c92497cbef1b3adf77\">Fabryka Emalia Oskara Schindlera<br>Lipowa 4 Street, 30-702 Krakow<br>tel. (+48) 12 257-10-17,<br>e-mail: fabrykaschindlera@muzeumkrakowa.pl<\/p>\n\n\n\n<p class=\"has-contrast-color has-text-color has-link-color wp-elements-b2a3994f5a365879feb8e5311cc4ab32\"><strong>Lokalizacja i dojazd<\/strong><\/p>\n\n\n\n<p class=\"has-contrast-color has-text-color has-link-color wp-elements-b94c49e6bc19931716163ffe85bb17b2\">Fabryka Emalia Oskara Schindlera zlokalizowana jest na krakowskim Zab\u0142ociu. Dojazd mo\u017cliwy jest \u015brodkami komunikacji miejskiej zatrzymuj\u0105cymi si\u0119 na pl. Bohater\u00f3w Getta oraz na przystanku Zab\u0142ocie.<\/p>\n\n\n\n<p class=\"has-contrast-color has-text-color has-link-color wp-elements-149af90ff2bdf26e78809666dda2aa9b\"><strong>Parking + Miejsca postojowe<\/strong><\/p>\n\n\n\n<p class=\"has-contrast-color has-text-color has-link-color wp-elements-fe3c1f6dff4e60be00b61b45fbc72bfb\">Brak miejsc parkingowych dla os\u00f3b z niepe\u0142nosprawno\u015bciami.<\/p>\n\n\n\n<p class=\"has-contrast-color has-text-color has-link-color wp-elements-80f0ccba28bafbefcd16e9c9f91d4483\"><strong>BOK\/Recepcja<\/strong><\/p>\n\n\n\n<p class=\"has-contrast-color has-text-color has-link-color wp-elements-b3f74afe6d4143edc40751352adc10cd\">Kasa biletowa znajduje si\u0119 na parterze, przy wej\u015bciu do budynku.<\/p>\n\n\n\n<p class=\"has-contrast-color has-text-color has-link-color wp-elements-189786fd5884df4f9c1f55c25f1cb19c\"><strong>Trasa wolna od przeszk\u00f3d<\/strong><\/p>\n\n\n\n<p class=\"has-contrast-color has-text-color has-link-color wp-elements-676ac6cc9a33c1ec040075a855354e63\">Wystawa zlokalizowana na kilku kondygnacjach, na kt\u00f3re prowadzi winda. W przestrzeni wystawy zmieniaj\u0105ca si\u0119 nawierzchnia pod\u0142ogi.<\/p>\n\n\n\n<p class=\"has-contrast-color has-text-color has-link-color wp-elements-341bf98a9487eaee7ac965a12ab7c4b4\"><strong>Winda<\/strong><\/p>\n\n\n\n<p class=\"has-contrast-color has-text-color has-link-color wp-elements-5ed4336640ffa311d146b81e7481adab\">W obiekcie znajduje si\u0119 winda. Kabina o wymiarach 1,1 x 2,2 m; przyciski z alfabetem Braille&#8217;a.<\/p>\n\n\n\n<p class=\"has-contrast-color has-text-color has-link-color wp-elements-e6ea57de89a422d58d10841dde6a8642\"><strong>Toaleta<\/strong><\/p>\n\n\n\n<p class=\"has-contrast-color has-text-color has-link-color wp-elements-a58910d3ec696cfaaa73ed8ef9c6c6f2\">Toaleta dla os\u00f3b z niepe\u0142nosprawno\u015bciami znajduje si\u0119 na parterze obok kasy.<\/p>\n\n\n\n<p class=\"has-contrast-color has-text-color has-link-color wp-elements-421bd7b67b1a9e5d8cb4f05302d18ee3\"><strong>Obs\u0142uga nies\u0142ysz\u0105cych<\/strong><\/p>\n\n\n\n<p class=\"has-contrast-color has-text-color has-link-color wp-elements-2c667c27d3245ddceac2ff8c17f67871\">We wszystkich naszych oddzia\u0142ach\/obiektach istnieje mo\u017cliwo\u015b\u0107 zwiedzania z t\u0142umaczem, jednak takie zapotrzebowanie musi zosta\u0107 zg\u0142oszone wcze\u015bniej.<\/p>\n\n\n\n<p class=\"has-contrast-color has-text-color has-link-color wp-elements-09377aa64f40240dfe78bd5fd1713944\"><strong>T\u0142umacz PJM\/SJM<\/strong><\/p>\n\n\n\n<p class=\"has-contrast-color has-text-color has-link-color wp-elements-2c667c27d3245ddceac2ff8c17f67871\">We wszystkich naszych oddzia\u0142ach\/obiektach istnieje mo\u017cliwo\u015b\u0107 zwiedzania z t\u0142umaczem, jednak takie zapotrzebowanie musi zosta\u0107 zg\u0142oszone wcze\u015bniej.<\/p>\n\n\n\n<p class=\"has-contrast-color has-text-color has-link-color wp-elements-81a13b94d4f59a0650c5af017a99319e\"><strong>Pies asystuj\u0105cy<\/strong><\/p>\n\n\n\n<p class=\"has-contrast-color has-text-color has-link-color wp-elements-1e5edf4033ad3d4134a6f4cd190d5a3e\">Do wszystkich naszych oddzia\u0142\u00f3w\/obiekt\u00f3w zapraszamy osoby z niepe\u0142nosprawno\u015bciami razem z psami asystuj\u0105cymi.<\/p>\n\n\n\n<p class=\"has-contrast-color has-text-color has-link-color wp-elements-aa85708aec98d4890ab938ceaf278641\"><strong>Pok\u00f3j\/miejsce\/k\u0105cik dla dziecka<\/strong><\/p>\n\n\n\n<p class=\"has-contrast-color has-text-color has-link-color wp-elements-0c37840c943828f77b8a5fc58bda0e15\">Przewijak zlokalizowany na parterze obok kasy.<\/p>\n\n\n\n<p class=\"has-contrast-color has-text-color has-link-color wp-elements-02be795d14958c4955d60f20abb70935\">Obiekt wyposa\u017cony w defibrylator<\/p>\n\n\n\n<p class=\"has-contrast-color has-text-color has-link-color wp-elements-14714c26e86f34807dff26e6a47bebf4\"><strong>Wi-Fi<\/strong><\/p>\n\n\n\n<p class=\"has-contrast-color has-text-color has-link-color wp-elements-5f89771f058ae1670afec8d00b0c28f5\">W holu kasowym (parter).<\/p>\n\n\n\n<p class=\"has-contrast-color has-text-color has-link-color wp-elements-949f0ff46e16a46071e58c87afb27464\"><strong>WWW<\/strong><br><a href=\"https:\/\/muzeumkrakowa.pl\/oddzialy\/fabryka-emalia-oskara-schindlera\">https:\/\/www.muzeumkrakowa.pl\/oddzialy\/fabryka-schindlera<\/a><\/p>\n<\/div>\n<\/div>","protected":false},"excerpt":{"rendered":"<p>Muzeum Krakowa zobowi\u0105zuje si\u0119 zapewni\u0107 dost\u0119pno\u015b\u0107 swojej strony internetowej zgodnie z ustaw\u0105 z dnia 4 kwietnia 2019 r. o dost\u0119pno\u015bci cyfrowej stron internetowych i aplikacji mobilnychpodmiot\u00f3w publicznych. O\u015bwiadczenie w sprawie dost\u0119pno\u015bci ma zastosowanie do stronyinternetowej Muzeum Krakowa. Data publikacji strony internetowej: 25.04.2024 r.Data ostatniej istotnej aktualizacji: 25.04.2024 r. Strona internetowa jest cz\u0119\u015bciowo zgodna z ustaw\u0105 [&hellip;]<\/p>","protected":false},"author":1,"featured_media":0,"parent":0,"menu_order":4,"comment_status":"closed","ping_status":"closed","template":"","meta":{"footnotes":""},"class_list":["post-102","page","type-page","status-publish","hentry"],"_links":{"self":[{"href":"https:\/\/ocalicpamiec.muzeumkrakowa.pl\/en\/wp-json\/wp\/v2\/pages\/102","targetHints":{"allow":["GET"]}}],"collection":[{"href":"https:\/\/ocalicpamiec.muzeumkrakowa.pl\/en\/wp-json\/wp\/v2\/pages"}],"about":[{"href":"https:\/\/ocalicpamiec.muzeumkrakowa.pl\/en\/wp-json\/wp\/v2\/types\/page"}],"author":[{"embeddable":true,"href":"https:\/\/ocalicpamiec.muzeumkrakowa.pl\/en\/wp-json\/wp\/v2\/users\/1"}],"replies":[{"embeddable":true,"href":"https:\/\/ocalicpamiec.muzeumkrakowa.pl\/en\/wp-json\/wp\/v2\/comments?post=102"}],"version-history":[{"count":8,"href":"https:\/\/ocalicpamiec.muzeumkrakowa.pl\/en\/wp-json\/wp\/v2\/pages\/102\/revisions"}],"predecessor-version":[{"id":1104,"href":"https:\/\/ocalicpamiec.muzeumkrakowa.pl\/en\/wp-json\/wp\/v2\/pages\/102\/revisions\/1104"}],"wp:attachment":[{"href":"https:\/\/ocalicpamiec.muzeumkrakowa.pl\/en\/wp-json\/wp\/v2\/media?parent=102"}],"curies":[{"name":"wp","href":"https:\/\/api.w.org\/{rel}","templated":true}]}}