{"id":15,"date":"2023-12-04T23:39:21","date_gmt":"2023-12-04T22:39:21","guid":{"rendered":"http:\/\/ocalicpamiec.muzeumkrakowa.pl\/?page_id=15"},"modified":"2024-04-15T18:32:14","modified_gmt":"2024-04-15T17:32:14","slug":"szukamy-swiadkow","status":"publish","type":"page","link":"http:\/\/ocalicpamiec.muzeumkrakowa.pl\/pl\/szukamy-swiadkow\/","title":{"rendered":"Szukamy \u015bwiadk\u00f3w"},"content":{"rendered":"\n<div class=\"wp-block-group alignfull has-global-padding is-layout-constrained wp-container-core-group-is-layout-cb854248 wp-block-group-is-layout-constrained has-background\" style=\"padding-top:var(--wp--preset--spacing--40);padding-right:var(--wp--preset--spacing--10);padding-bottom:var(--wp--preset--spacing--40);padding-left:var(--wp--preset--spacing--10);background-image:url(&apos;http:\/\/ocalicpamiec.muzeumkrakowa.pl\/wp-content\/uploads\/2023\/12\/poszukujemy_swiadko_tlo.png&apos;);background-size:cover;\">\n<div class=\"wp-block-columns alignwide is-layout-flex wp-container-core-columns-is-layout-28f84493 wp-block-columns-is-layout-flex\">\n<div class=\"wp-block-column is-layout-flow wp-block-column-is-layout-flow\">\n<p class=\"has-base-2-color has-text-color has-link-color wp-elements-a44b75575d2dd00358a9723cc18b8ba9\" style=\"font-size:clamp(1.743rem, 1.743rem + ((1vw - 0.2rem) * 2.095), 3rem);\"><strong>Poszukujemy<br>\u015bwiadk\u00f3w historii<\/strong><\/p>\n\n\n\n<p class=\"has-base-2-color has-text-color has-link-color wp-elements-8887ad3d8c79c6fabc89eed28caed91e\" style=\"font-size:clamp(0.875rem, 0.875rem + ((1vw - 0.2rem) * 0.708), 1.3rem);\"><em>\u015apieszmy si\u0119 s\u0142ucha\u0107 ludzi&#8230;<\/em><\/p>\n<\/div>\n\n\n\n<div class=\"wp-block-column is-layout-flow wp-block-column-is-layout-flow\">\n<p class=\"has-base-2-color has-text-color has-link-color wp-elements-2f420e607488821442ba37c45b40f404\" style=\"font-size:clamp(0.875rem, 0.875rem + ((1vw - 0.2rem) * 0.375), 1.1rem);\">Historia m\u00f3wiona to metoda poznawania historii poprzez bezpo\u015bredni kontakt z drugim cz\u0142owiekiem \u2013 \u015bwiadkiem historii.<br>Poszukujemy \u015bwiadectw zapomnianych bohaterek i bohater\u00f3w czas\u00f3w II wojny \u015bwiatowej i okupacji oraz czas\u00f3w re\u017cimu stalinowskiego. \u015awiadk\u00f3w historii aktywnie uczestnicz\u0105cych w wa\u017cnych wydarzeniach historycznych. Dzielnych ludzi dzia\u0142aj\u0105cych w organizacjach konspiracyjnych, walcz\u0105cych o prawo do \u017cycia oraz represjonowanych za przynale\u017cno\u015b\u0107 do organizacji niepodleg\u0142o\u015bciowych po 1945 r. Krakowian, nie z racji swojego urodzenia, a z racji swojej dzia\u0142alno\u015bci w Krakowie. Pragniemy odzyska\u0107 pami\u0119\u0107 o nich, ocali\u0107 ich od zapomnienia \u2013 dla siebie i dla kolejnych pokole\u0144, wzbogaci\u0107 nasz\u0105 wiedz\u0119 o dziejach miasta.<\/p>\n<\/div>\n<\/div>\n<\/div>\n\n\n\n<div class=\"wp-block-group alignfull has-custom-t-o-jasne-background-color has-background has-global-padding is-layout-constrained wp-container-core-group-is-layout-b13d32f8 wp-block-group-is-layout-constrained\" style=\"padding-right:var(--wp--preset--spacing--10);padding-left:var(--wp--preset--spacing--10)\">\n<div class=\"wp-block-group alignwide is-nowrap is-layout-flex wp-container-core-group-is-layout-3e2a60bc wp-block-group-is-layout-flex\" style=\"padding-top:var(--wp--preset--spacing--40);padding-bottom:var(--wp--preset--spacing--40)\">\n<p class=\"has-contrast-color has-text-color has-link-color wp-elements-5ee16ac297969124d6c926d227ee2a33\">Projekt &#8222;Ocali\u0107 pami\u0119\u0107&#8221; ma charakter otwarty \u2013 chcemy gromadzi\u0107 relacje, dokumenty i zdj\u0119cia, aby archiwizowa\u0107 je i udost\u0119pnia\u0107 na stronie internetowej <strong>www.ocalicpamiec.muzeumkrakowa.pl<\/strong><br><br>Podziel si\u0119 z nami swoj\u0105 histori\u0105! Je\u015bli jeste\u015b \u015bwiadkiem historii lub znasz taka osob\u0119 \u2013 napisz do nas lub zadzwo\u0144, razem ocalimy od zapomnienia nasz\u0105 wsp\u00f3ln\u0105 histori\u0119.<\/p>\n<\/div>\n\n\n\n<div class=\"wp-block-group alignwide is-nowrap is-layout-flex wp-container-core-group-is-layout-6c531013 wp-block-group-is-layout-flex\"><div class=\"forminator-ui forminator-custom-form forminator-custom-form-111 forminator-design--material  forminator_ajax\" data-forminator-render=\"0\" data-form=\"forminator-module-111\" data-uid=\"69d51cf3585f3\"><br\/><\/div><form\n\t\t\t\tid=\"forminator-module-111\"\n\t\t\t\tclass=\"forminator-ui forminator-custom-form forminator-custom-form-111 forminator-design--material  forminator_ajax\"\n\t\t\t\tmethod=\"post\"\n\t\t\t\tdata-forminator-render=\"0\"\n\t\t\t\tdata-form-id=\"111\"\n\t\t\t\t\n\t\t\t\tdata-design=\"material\"\n\t\t\t\t\n\t\t\t\t\n\t\t\t\t\n\t\t\t\tdata-grid=\"open\"\n\t\t\t\t\n\t\t\t\t\n\t\t\t\tstyle=\"display: none;\"\n\t\t\t\t\n\t\t\t\tdata-uid=\"69d51cf3585f3\"\n\t\t\t><div role=\"alert\" aria-live=\"polite\" class=\"forminator-response-message forminator-error\" aria-hidden=\"true\"><\/div><div class=\"forminator-row\"><div id=\"name-1\" class=\"forminator-field-name forminator-col forminator-col-4 \"><div class=\"forminator-field\"><label for=\"forminator-field-name-1_69d51cf3585f3\" id=\"forminator-field-name-1_69d51cf3585f3-label\" class=\"forminator-label\">Imi\u0119 i nazwisko <span class=\"forminator-required\">*<\/span><\/label><input type=\"text\" name=\"name-1\" value=\"\" placeholder=\"Na przyk\u0142ad: Jan Kowalski\" id=\"forminator-field-name-1_69d51cf3585f3\" class=\"forminator-input forminator-name--field\" aria-required=\"true\" \/><\/div><\/div><div id=\"email-1\" class=\"forminator-field-email forminator-col forminator-col-4 \"><div class=\"forminator-field\"><label for=\"forminator-field-email-1_69d51cf3585f3\" id=\"forminator-field-email-1_69d51cf3585f3-label\" class=\"forminator-label\">Email<\/label><input type=\"email\" name=\"email-1\" value=\"\" placeholder=\"Na przyk\u0142ad: jan@kowalski.com\" id=\"forminator-field-email-1_69d51cf3585f3\" class=\"forminator-input forminator-email--field\" data-required=\"\" aria-required=\"false\" \/><\/div><\/div><div id=\"phone-1\" class=\"forminator-field-phone forminator-col forminator-col-4 \"><div class=\"forminator-field\"><label for=\"forminator-field-phone-1_69d51cf3585f3\" id=\"forminator-field-phone-1_69d51cf3585f3-label\" class=\"forminator-label\">Numer telefonu<\/label><input type=\"text\" name=\"phone-1\" value=\"\" placeholder=\"Przyk\u0142ad: +48 300 400 5000\" id=\"forminator-field-phone-1_69d51cf3585f3\" class=\"forminator-input forminator-field--phone\" data-required=\"\" aria-required=\"false\" autocomplete=\"off\" \/><\/div><\/div><\/div><div class=\"forminator-row\"><div id=\"textarea-1\" class=\"forminator-field-textarea forminator-col forminator-col-12 \"><div class=\"forminator-field\"><label for=\"forminator-field-textarea-1_69d51cf3585f3\" id=\"forminator-field-textarea-1_69d51cf3585f3-label\" class=\"forminator-label\">Wiadomo\u015b\u0107 <span class=\"forminator-required\">*<\/span><\/label><textarea name=\"textarea-1\" placeholder=\"Wpisz swoj\u0105 wiadomo\u015b\u0107...\" id=\"forminator-field-textarea-1_69d51cf3585f3\" class=\"forminator-textarea\" rows=\"6\" style=\"min-height:140px;\" maxlength=\"250\" ><\/textarea><span id=\"forminator-field-textarea-1_69d51cf3585f3-description\" class=\"forminator-description\"><span data-limit=\"250\" data-type=\"characters\">0 \/ 250<\/span><\/span><\/div><\/div><\/div><div class=\"forminator-row\"><div id=\"consent-1\" class=\"forminator-field-consent forminator-col forminator-col-12 \"><div class=\"forminator-field\"><label for=\"forminator-field-consent-1_69d51cf3585f3\" id=\"forminator-field-consent-1_69d51cf3585f3-label\" class=\"forminator-label\">Zgoda <span class=\"forminator-required\">*<\/span><\/label><div class=\"forminator-checkbox__wrapper\"><label for=\"forminator-field-consent-1_69d51cf3585f3\" id=\"forminator-field-consent-1_69d51cf3585f3__label\" class=\"forminator-checkbox forminator-consent\" style=\"margin: 0;\"><input type=\"checkbox\" name=\"consent-1\" id=\"forminator-field-consent-1_69d51cf3585f3\" value=\"checked\" aria-labelledby=\"forminator-field-consent-1_69d51cf3585f3-label\" aria-describedby=\"forminator-field-consent-1_69d51cf3585f3__description\" data-required=\"true\" aria-required=\"true\" \/><span class=\"forminator-checkbox-box\" aria-hidden=\"true\"><\/span><\/label><div id=\"forminator-field-consent-1_69d51cf3585f3__description\" class=\"forminator-checkbox__label forminator-consent__label\"><p class=\"forminator-consent\">Zgadzam si\u0119 na og\u00f3lne postanowienia <a rel=\"noopener\" target=\"_blank\" href=\"#\">polityki prywatno\u015bci<\/a> i&nbsp;<a rel=\"noopener\" target=\"_blank\" href=\"#\">warunki korzystania<\/a>.<\/p><\/div><\/div><\/div><\/div><\/div><input type=\"hidden\" name=\"referer_url\" value=\"\" \/><div class=\"forminator-row forminator-row-last\"><div class=\"forminator-col\"><div class=\"forminator-field\"><button class=\"forminator-button forminator-button-submit\"><span>Wy\u015blij wiadomo\u015b\u0107<\/span><span aria-hidden=\"true\"><\/span><\/button><\/div><\/div><\/div><input type=\"hidden\" id=\"forminator_nonce\" name=\"forminator_nonce\" value=\"0f3401a57b\" \/><input type=\"hidden\" name=\"_wp_http_referer\" value=\"\/pl\/wp-json\/wp\/v2\/pages\/15\" \/><input type=\"hidden\" name=\"form_id\" value=\"111\"><input type=\"hidden\" name=\"page_id\" value=\"15\"><input type=\"hidden\" name=\"form_type\" value=\"default\"><input type=\"hidden\" name=\"current_url\" value=\"http:\/\/ocalicpamiec.muzeumkrakowa.pl\/pl\/szukamy-swiadkow\/\"><input type=\"hidden\" name=\"render_id\" value=\"0\"><input type=\"hidden\" name=\"action\" value=\"forminator_submit_form_custom-forms\"><label for=\"input_6\" class=\"forminator-hidden\" aria-hidden=\"true\">Prosz\u0119 nie wype\u0142nia\u0107 tego pola. <input id=\"input_6\" type=\"text\" name=\"input_6\" value=\"\" autocomplete=\"off\"><\/label><\/form>\n<\/div>\n<\/div>\n","protected":false},"excerpt":{"rendered":"<p>Poszukujemy\u015bwiadk\u00f3w historii \u015apieszmy si\u0119 s\u0142ucha\u0107 ludzi&#8230; Historia m\u00f3wiona to metoda poznawania historii poprzez bezpo\u015bredni kontakt z drugim cz\u0142owiekiem \u2013 \u015bwiadkiem historii.Poszukujemy \u015bwiadectw zapomnianych bohaterek i bohater\u00f3w czas\u00f3w II wojny \u015bwiatowej i okupacji oraz czas\u00f3w re\u017cimu stalinowskiego. \u015awiadk\u00f3w historii aktywnie uczestnicz\u0105cych w wa\u017cnych wydarzeniach historycznych. Dzielnych ludzi dzia\u0142aj\u0105cych w organizacjach konspiracyjnych, walcz\u0105cych o prawo do \u017cycia [&hellip;]<\/p>\n","protected":false},"author":1,"featured_media":0,"parent":0,"menu_order":3,"comment_status":"closed","ping_status":"closed","template":"","meta":{"footnotes":""},"class_list":["post-15","page","type-page","status-publish","hentry"],"_links":{"self":[{"href":"http:\/\/ocalicpamiec.muzeumkrakowa.pl\/pl\/wp-json\/wp\/v2\/pages\/15","targetHints":{"allow":["GET"]}}],"collection":[{"href":"http:\/\/ocalicpamiec.muzeumkrakowa.pl\/pl\/wp-json\/wp\/v2\/pages"}],"about":[{"href":"http:\/\/ocalicpamiec.muzeumkrakowa.pl\/pl\/wp-json\/wp\/v2\/types\/page"}],"author":[{"embeddable":true,"href":"http:\/\/ocalicpamiec.muzeumkrakowa.pl\/pl\/wp-json\/wp\/v2\/users\/1"}],"replies":[{"embeddable":true,"href":"http:\/\/ocalicpamiec.muzeumkrakowa.pl\/pl\/wp-json\/wp\/v2\/comments?post=15"}],"version-history":[{"count":3,"href":"http:\/\/ocalicpamiec.muzeumkrakowa.pl\/pl\/wp-json\/wp\/v2\/pages\/15\/revisions"}],"predecessor-version":[{"id":1089,"href":"http:\/\/ocalicpamiec.muzeumkrakowa.pl\/pl\/wp-json\/wp\/v2\/pages\/15\/revisions\/1089"}],"wp:attachment":[{"href":"http:\/\/ocalicpamiec.muzeumkrakowa.pl\/pl\/wp-json\/wp\/v2\/media?parent=15"}],"curies":[{"name":"wp","href":"https:\/\/api.w.org\/{rel}","templated":true}]}}