{"id":11,"date":"2023-12-04T23:38:48","date_gmt":"2023-12-04T22:38:48","guid":{"rendered":"http:\/\/ocalicpamiec.muzeumkrakowa.pl\/?page_id=11"},"modified":"2024-04-15T18:31:48","modified_gmt":"2024-04-15T17:31:48","slug":"o-projekcie","status":"publish","type":"page","link":"http:\/\/ocalicpamiec.muzeumkrakowa.pl\/pl\/o-projekcie\/","title":{"rendered":"O projekcie"},"content":{"rendered":"\n<div class=\"wp-block-group alignfull has-global-padding is-layout-constrained wp-container-core-group-is-layout-b13d32f8 wp-block-group-is-layout-constrained has-background\" style=\"padding-right:var(--wp--preset--spacing--10);padding-left:var(--wp--preset--spacing--10);background-image:url(&apos;http:\/\/ocalicpamiec.muzeumkrakowa.pl\/wp-content\/uploads\/2023\/12\/projekt-tlo.png&apos;);background-size:cover;\">\n<div class=\"wp-block-columns alignwide is-layout-flex wp-container-core-columns-is-layout-7abde1fe wp-block-columns-is-layout-flex\" style=\"padding-top:var(--wp--preset--spacing--40);padding-bottom:var(--wp--preset--spacing--40)\">\n<div class=\"wp-block-column is-layout-flow wp-block-column-is-layout-flow\">\n<p class=\"has-base-2-color has-text-color has-link-color has-xx-large-font-size wp-elements-34e1b1448adbc491207d669ebb3b365f\"><strong>O projekcie<\/strong><\/p>\n<\/div>\n\n\n\n<div class=\"wp-block-column is-layout-flow wp-block-column-is-layout-flow\">\n<p class=\"has-base-2-color has-text-color has-link-color wp-elements-8e93c0955a354de9f0dad3942c331e47\" style=\"font-size:clamp(0.929rem, 0.929rem + ((1vw - 0.2rem) * 0.785), 1.4rem);\">Znajdziecie tu zamkni\u0119te w kr\u00f3tkich, filmowych formach bezcenne opowie\u015bci \u015bwiadk\u00f3w tamtych wydarze\u0144. Historie, z kt\u00f3rych ka\u017cda mog\u0142aby si\u0119 zaczyna\u0107 od s\u0142\u00f3w: ja by\u0142em, ja widzia\u0142am, ja do\u015bwiadczy\u0142em, ja prze\u017cy\u0142am.<br><br>Nic nie zast\u0105pi pami\u0119ci, wspomnie\u0144, dobrych i z\u0142ych, przechowywanych g\u0142\u0119boko w duszach tych, kt\u00f3rzy przetrwali. Czas dzia\u0142a na nasz\u0105 niekorzy\u015b\u0107, a wi\u0119c \u015bpieszmy si\u0119 s\u0142ucha\u0107 ludzi\u2026<\/p>\n<\/div>\n<\/div>\n<\/div>\n\n\n\n<div class=\"wp-block-group alignfull has-custom-t-o-jasne-background-color has-background has-global-padding is-layout-constrained wp-container-core-group-is-layout-05278918 wp-block-group-is-layout-constrained\" style=\"padding-top:var(--wp--preset--spacing--30);padding-right:var(--wp--preset--spacing--10);padding-bottom:var(--wp--preset--spacing--30);padding-left:var(--wp--preset--spacing--10)\">\n<div class=\"wp-block-group alignwide is-vertical is-layout-flex wp-container-core-group-is-layout-98bb686d wp-block-group-is-layout-flex\">\n<p class=\"has-contrast-color has-text-color has-link-color wp-elements-f71be0442537863c85fda15bf386e6a7\" style=\"font-size:clamp(0.875rem, 0.875rem + ((1vw - 0.2rem) * 0.542), 1.2rem);\">Projekt \u201eOcali\u0107 pami\u0119\u0107\u201d to filmowy zapis wspomnie\u0144 Krakowian o do\u015bwiadczeniach lat 1939 \u2013 1956, czyli z czas\u00f3w okupacji i stalinowskiego terroru.<\/p>\n\n\n\n<p class=\"has-contrast-color has-text-color has-link-color wp-elements-ec8f20b8bff438b21568fc8060d23f8e\" style=\"font-size:clamp(0.875rem, 0.875rem + ((1vw - 0.2rem) * 0.542), 1.2rem);\">Popatrzcie i pos\u0142uchajcie co m\u00f3wi\u0105 o swoich do\u015bwiadczeniach kobiety i m\u0119\u017cczy\u017ani, mieszka\u0144cy Krakowa, partyzanci, \u017co\u0142nierze Armii Krajowej, harcerze Szarych Szereg\u00f3w, albo po prostu dzielni ludzie, kt\u00f3rzy prze\u017cyli dzi\u0119ki w\u0142asnej woli przetrwania. Tak jak Yanina Leiman (dzi\u015b Ecker), \u017cydowska dziewczynka, kt\u00f3rej z nara\u017ceniem w\u0142asnego \u017cycia pomaga\u0142o polskie ma\u0142\u017ce\u0144stwo \u2013 J\u00f3zefa i Tadeusz Latawcowie. Bohaterom naszych film\u00f3w uda\u0142o si\u0119 prze\u017cy\u0107 wojn\u0119, a potem stalinowskie represje, kt\u00f3re w przypadku Stanis\u0142awa Ptaka i Henryka M\u00fcncha zako\u0144czy\u0142y si\u0119 dziesi\u0119cioletni\u0105 odsiadk\u0105 w wi\u0119zieniach PRL-u. J\u00f3zef Ostafin \u2013 wspominany dzi\u015b przez swoj\u0105 c\u00f3rk\u0119 \u2013 nie doczeka\u0142 naszych czas\u00f3w. Dosta\u0142 wyrok \u015bmierci, kt\u00f3ry wykonano w 1947 roku w Krakowie.<\/p>\n\n\n\n<p class=\"has-contrast-color has-text-color has-link-color wp-elements-861579e9433fef3e652e69b748528153\" style=\"font-size:clamp(0.875rem, 0.875rem + ((1vw - 0.2rem) * 0.542), 1.2rem);\">Czy my w podobnej sytuacji mieliby\u015bmy tyle samo odwagi?<br>Warto si\u0119 nad tym zastanowi\u0107 i rozmawia\u0107 nie tylko na forum publicznym, ale tak\u017ce we w\u0142asnej rodzinie.<\/p>\n\n\n\n<p class=\"has-contrast-color has-text-color has-link-color wp-elements-50f195f75a22ea664e39242238fa1861\" style=\"font-size:clamp(0.875rem, 0.875rem + ((1vw - 0.2rem) * 0.542), 1.2rem);\">Dzi\u0119kujemy naszym bohaterom, za to, \u017ce chcieli podzieli\u0107 si\u0119 z nami swoimi wspomnieniami.<\/p>\n<\/div>\n<\/div>\n","protected":false},"excerpt":{"rendered":"<p>O projekcie Znajdziecie tu zamkni\u0119te w kr\u00f3tkich, filmowych formach bezcenne opowie\u015bci \u015bwiadk\u00f3w tamtych wydarze\u0144. Historie, z kt\u00f3rych ka\u017cda mog\u0142aby si\u0119 zaczyna\u0107 od s\u0142\u00f3w: ja by\u0142em, ja widzia\u0142am, ja do\u015bwiadczy\u0142em, ja prze\u017cy\u0142am. Nic nie zast\u0105pi pami\u0119ci, wspomnie\u0144, dobrych i z\u0142ych, przechowywanych g\u0142\u0119boko w duszach tych, kt\u00f3rzy przetrwali. Czas dzia\u0142a na nasz\u0105 niekorzy\u015b\u0107, a wi\u0119c \u015bpieszmy si\u0119 [&hellip;]<\/p>\n","protected":false},"author":1,"featured_media":0,"parent":0,"menu_order":1,"comment_status":"closed","ping_status":"closed","template":"","meta":{"footnotes":""},"class_list":["post-11","page","type-page","status-publish","hentry"],"_links":{"self":[{"href":"http:\/\/ocalicpamiec.muzeumkrakowa.pl\/pl\/wp-json\/wp\/v2\/pages\/11","targetHints":{"allow":["GET"]}}],"collection":[{"href":"http:\/\/ocalicpamiec.muzeumkrakowa.pl\/pl\/wp-json\/wp\/v2\/pages"}],"about":[{"href":"http:\/\/ocalicpamiec.muzeumkrakowa.pl\/pl\/wp-json\/wp\/v2\/types\/page"}],"author":[{"embeddable":true,"href":"http:\/\/ocalicpamiec.muzeumkrakowa.pl\/pl\/wp-json\/wp\/v2\/users\/1"}],"replies":[{"embeddable":true,"href":"http:\/\/ocalicpamiec.muzeumkrakowa.pl\/pl\/wp-json\/wp\/v2\/comments?post=11"}],"version-history":[{"count":2,"href":"http:\/\/ocalicpamiec.muzeumkrakowa.pl\/pl\/wp-json\/wp\/v2\/pages\/11\/revisions"}],"predecessor-version":[{"id":1088,"href":"http:\/\/ocalicpamiec.muzeumkrakowa.pl\/pl\/wp-json\/wp\/v2\/pages\/11\/revisions\/1088"}],"wp:attachment":[{"href":"http:\/\/ocalicpamiec.muzeumkrakowa.pl\/pl\/wp-json\/wp\/v2\/media?parent=11"}],"curies":[{"name":"wp","href":"https:\/\/api.w.org\/{rel}","templated":true}]}}